{"id":121,"date":"2024-07-30T11:37:19","date_gmt":"2024-07-30T09:37:19","guid":{"rendered":"https:\/\/physio-schrott.at\/?page_id=121"},"modified":"2026-02-23T18:20:56","modified_gmt":"2026-02-23T17:20:56","slug":"impressum","status":"publish","type":"page","link":"https:\/\/physio-schrott.at\/?page_id=121","title":{"rendered":"Impressum"},"content":{"rendered":"\t\t<div data-elementor-type=\"wp-page\" data-elementor-id=\"121\" class=\"elementor elementor-121\">\n\t\t\t\t<div class=\"elementor-element elementor-element-2e64b6d e-flex e-con-boxed e-con e-parent\" data-id=\"2e64b6d\" data-element_type=\"container\" data-e-type=\"container\">\n\t\t\t\t\t<div class=\"e-con-inner\">\n\t\t<div class=\"elementor-element elementor-element-b4beaf7 e-con-full e-flex e-con e-child\" data-id=\"b4beaf7\" data-element_type=\"container\" data-e-type=\"container\" data-settings=\"{&quot;background_background&quot;:&quot;classic&quot;}\">\n\t\t<div class=\"elementor-element elementor-element-7e8fd1d e-con-full e-flex e-con e-child\" data-id=\"7e8fd1d\" data-element_type=\"container\" data-e-type=\"container\">\n\t\t\t\t<div class=\"elementor-element elementor-element-fd77a26 elementor-widget elementor-widget-heading\" data-id=\"fd77a26\" data-element_type=\"widget\" data-e-type=\"widget\" data-widget_type=\"heading.default\">\n\t\t\t\t<div class=\"elementor-widget-container\">\n\t\t\t\t\t<h1 class=\"elementor-heading-title elementor-size-default\">Impressum<\/h1>\t\t\t\t<\/div>\n\t\t\t\t<\/div>\n\t\t\t\t<\/div>\n\t\t\t\t<\/div>\n\t\t\t\t\t<\/div>\n\t\t\t\t<\/div>\n\t\t<div class=\"elementor-element elementor-element-24c16cf6 e-con-full e-flex e-con e-parent\" data-id=\"24c16cf6\" data-element_type=\"container\" data-e-type=\"container\">\n\t\t<div class=\"elementor-element elementor-element-71f79242 e-con-full e-flex e-con e-child\" data-id=\"71f79242\" data-element_type=\"container\" data-e-type=\"container\">\n\t\t\t\t<div class=\"elementor-element elementor-element-6eec4499 elementor-widget elementor-widget-text-editor\" data-id=\"6eec4499\" data-element_type=\"widget\" data-e-type=\"widget\" data-widget_type=\"text-editor.default\">\n\t\t\t\t<div class=\"elementor-widget-container\">\n\t\t\t\t\t\t\t\t\t<h4>Informationen \u00fcber den Diensteanbieter<\/h4><p><strong>Physiotherapie Schrott<\/strong><\/p><p>Henriette Schrott<br \/>Josef-Krainer-Stra\u00dfe 42,<br \/>8074 Raaba-Grambach,<br \/>\u00d6sterreich<\/p><p><strong>Tel.:<\/strong> <span style=\"color: #000000;\">0681 \/ 81 10 85 95<\/span><br \/><strong>E-Mail: <\/strong><span style=\"color: #000000;\"><span style=\"text-decoration: underline;\"><a style=\"color: #000000; text-decoration: underline;\" href=\"mailto:office@praxis-schrott.at\">o<\/a><\/span><\/span><span style=\"color: #000000;\"><span style=\"text-decoration: underline;\"><a style=\"color: #000000; text-decoration: underline;\" href=\"mailto:office@physio-schrott.at\">ffice@physio-schrott.at<\/a><\/span><\/span><\/p><p><strong>Unternehmensgegenstand:<\/strong>\u00a0Physiotherapie<br \/><strong>Berufsrecht:<\/strong>\u00a0MTD-Gesetz 2024<br \/>https:\/\/www.ris.bka.gv.at\/GeltendeFassung.wxe?Abfrage=Bundesnormen&amp;Gesetzesnummer=20012653\u00a0<\/p><p><strong>Aufsichtsbeh\u00f6rde:<\/strong><br \/>Bezirkshauptmannschaft Graz Umgebung<\/p><p><strong>Berufsbezeichnung:<\/strong>\u00a0Physiotherapeutin<br \/><strong>Verleihungsstaat:<\/strong>\u00a0\u00d6sterreich<\/p><h4>Datenschutz Verantwortlicher<\/h4><p>Henriette Schrott<br \/>Josef-Krainer-Stra\u00dfe 42<br \/>8074 Raaba-Grambach<br \/><strong>E-Mail: <\/strong><span style=\"color: #000000;\"><span style=\"text-decoration: underline;\"><a style=\"color: #000000; text-decoration: underline;\" href=\"mailto:office@physio-schrott.at\">office@physio-schrott.at<\/a><\/span><\/span><br \/><strong>Tel.:<\/strong> <span style=\"color: #000000;\">0681 \/ 81 10 85 95<\/span><br \/><strong>Vertretungsberechtigte:<\/strong>\u00a0Lisa Schrott<\/p><h4>EU-Streitschlichtung<\/h4><p>Gem\u00e4\u00df Verordnung \u00fcber Online-Streitbeilegung in Verbraucherangelegenheiten (ODR-Verordnung) m\u00f6chten wir Sie \u00fcber die Online-Streitbeilegungsplattform (OS-Plattform) informieren.<br \/>Verbraucher haben die M\u00f6glichkeit, Beschwerden an die Online Streitbeilegungsplattform der Europ\u00e4ischen Kommission unter\u00a0<a href=\"https:\/\/ec.europa.eu\/consumers\/odr\/main\/index.cfm?event=main.home2.show&amp;lng=DE\">https:\/\/ec.europa.eu\/consumers\/odr\/main\/index.cfm?event=main.home2.show&amp;lng=DE<\/a>\u00a0zu richten. Die daf\u00fcr notwendigen Kontaktdaten finden Sie oberhalb in unserem Impressum.<\/p><p>Wir m\u00f6chten Sie jedoch darauf hinweisen, dass wir nicht bereit oder verpflichtet sind, an Streitbeilegungsverfahren vor einer Verbraucherschlichtungsstelle teilzunehmen.<\/p><h4>Bildernachweis<\/h4><p>Die Bilder, Fotos und Grafiken auf dieser Webseite sind urheberrechtlich gesch\u00fctzt.<\/p><p><strong>Die Bilderrechte liegen bei:<\/strong><br \/>Markus Schrott<br \/>Lisa Schrott<br \/>Heinz Schrott<\/p><p>Alle Texte sind urheberrechtlich gesch\u00fctzt.<\/p><p>Quelle: Erstellt mit dem\u00a0<a href=\"https:\/\/www.adsimple.at\/impressum-generator\/\">Impressum Generator<\/a>\u00a0von AdSimple<\/p><p><strong>\u00a0<\/strong><\/p>\t\t\t\t\t\t\t\t<\/div>\n\t\t\t\t<\/div>\n\t\t\t\t<\/div>\n\t\t\t\t<\/div>\n\t\t<div class=\"elementor-element elementor-element-d8e67e1 e-flex e-con-boxed e-con e-parent\" data-id=\"d8e67e1\" data-element_type=\"container\" data-e-type=\"container\" data-settings=\"{&quot;background_background&quot;:&quot;classic&quot;}\">\n\t\t\t\t\t<div class=\"e-con-inner\">\n\t\t<div class=\"elementor-element elementor-element-6ad70d43 e-con-full e-flex e-con e-child\" data-id=\"6ad70d43\" data-element_type=\"container\" data-e-type=\"container\">\n\t\t\t\t<div class=\"elementor-element elementor-element-47fe7338 elementor-widget elementor-widget-text-editor\" data-id=\"47fe7338\" data-element_type=\"widget\" data-e-type=\"widget\" data-widget_type=\"text-editor.default\">\n\t\t\t\t<div class=\"elementor-widget-container\">\n\t\t\t\t\t\t\t\t\t<div class=\"elementor-element elementor-element-8382518 elementor-widget elementor-widget-heading\" data-id=\"8382518\" data-element_type=\"widget\" data-widget_type=\"heading.default\"><div class=\"elementor-widget-container\"><p><strong>Adresse<\/strong>: Josef-Krainer-Stra\u00dfe 42, 8074 Raaba-Grambach<\/p><p><span class=\"elementor-icon-list-text\"><strong>\u00d6ffnungszeiten<\/strong>: <\/span><span class=\"elementor-icon-list-text\">MO, DI, MI: 07:00 &#8211; 17:00 | DO: 07:00 &#8211; 12:00<\/span><\/p><p><span class=\"elementor-icon-list-text\"><strong>Telefon<\/strong>: 0316 \/ 40 57 40<\/span><\/p><p><span class=\"elementor-icon-list-text\"><strong>E-Mail:<\/strong> <span style=\"color: #000000;\"><span style=\"text-decoration: underline;\"><a style=\"color: #000000; text-decoration: underline;\" href=\"mailto:office@praxis-schrott.at\">office@physio-schrott.at<\/a><\/span><\/span><\/span><\/p><p><a href=\"https:\/\/physio-schrott.at\/terminvereinbarung\/\" data-wplink-url-error=\"true\"><span style=\"text-decoration: underline; color: #000000;\"><strong><span class=\"elementor-icon-list-text\">So erreichen Sie uns<\/span><\/strong><\/span><\/a><\/p><\/div><\/div>\t\t\t\t\t\t\t\t<\/div>\n\t\t\t\t<\/div>\n\t\t\t\t<\/div>\n\t\t<div class=\"elementor-element elementor-element-240f8a64 e-con-full e-flex e-con e-child\" data-id=\"240f8a64\" data-element_type=\"container\" data-e-type=\"container\">\n\t\t\t\t<div class=\"elementor-element elementor-element-46ef5cd2 elementor-widget elementor-widget-text-editor\" data-id=\"46ef5cd2\" data-element_type=\"widget\" data-e-type=\"widget\" data-widget_type=\"text-editor.default\">\n\t\t\t\t<div class=\"elementor-widget-container\">\n\t\t\t\t\t\t\t\t\t<p><span style=\"text-decoration: underline; color: #000000;\"><a style=\"text-decoration: underline; color: #000000;\" href=\"https:\/\/physio-schrott.at\/datenschutzerklaerung\/\" data-wplink-url-error=\"true\">Datenschutz<\/a><\/span><\/p><p><span style=\"text-decoration: underline; color: #000000;\"><a style=\"text-decoration: underline; color: #000000;\" href=\"https:\/\/physio-schrott.at\/impressum\/\" data-wplink-url-error=\"true\">Impressum<\/a><\/span><\/p><p><span style=\"color: #000000;\">Copyright \u00a9 2026<\/span><\/p>\t\t\t\t\t\t\t\t<\/div>\n\t\t\t\t<\/div>\n\t\t\t\t<\/div>\n\t\t\t\t\t<\/div>\n\t\t\t\t<\/div>\n\t\t\t\t<\/div>\n\t\t","protected":false},"excerpt":{"rendered":"<p>Impressum Informationen \u00fcber den Diensteanbieter Physiotherapie Schrott Henriette SchrottJosef-Krainer-Stra\u00dfe 42,8074 Raaba-Grambach,\u00d6sterreich Tel.: 0681 \/ 81 10 85 95E-Mail: office@physio-schrott.at Unternehmensgegenstand:\u00a0PhysiotherapieBerufsrecht:\u00a0MTD-Gesetz 2024https:\/\/www.ris.bka.gv.at\/GeltendeFassung.wxe?Abfrage=Bundesnormen&amp;Gesetzesnummer=20012653\u00a0 Aufsichtsbeh\u00f6rde:Bezirkshauptmannschaft Graz Umgebung Berufsbezeichnung:\u00a0PhysiotherapeutinVerleihungsstaat:\u00a0\u00d6sterreich Datenschutz Verantwortlicher Henriette SchrottJosef-Krainer-Stra\u00dfe 428074 Raaba-GrambachE-Mail: office@physio-schrott.atTel.: 0681 \/ 81 10 85 95Vertretungsberechtigte:\u00a0Lisa Schrott EU-Streitschlichtung Gem\u00e4\u00df Verordnung \u00fcber Online-Streitbeilegung in Verbraucherangelegenheiten (ODR-Verordnung) m\u00f6chten wir Sie \u00fcber die Online-Streitbeilegungsplattform (OS-Plattform) informieren.Verbraucher [&hellip;]<\/p>\n","protected":false},"author":1,"featured_media":0,"parent":0,"menu_order":0,"comment_status":"closed","ping_status":"closed","template":"","meta":{"footnotes":""},"class_list":["post-121","page","type-page","status-publish","hentry"],"yoast_head":"<!-- This site is optimized with the Yoast SEO plugin v27.0 - https:\/\/yoast.com\/product\/yoast-seo-wordpress\/ -->\n<title>Impressum - Physiotherapie Schrott<\/title>\n<meta name=\"robots\" content=\"index, follow, max-snippet:-1, max-image-preview:large, max-video-preview:-1\" \/>\n<link rel=\"canonical\" href=\"https:\/\/physio-schrott.at\/?page_id=121\" \/>\n<meta property=\"og:locale\" content=\"de_DE\" \/>\n<meta property=\"og:type\" content=\"article\" \/>\n<meta property=\"og:title\" content=\"Impressum - Physiotherapie Schrott\" \/>\n<meta property=\"og:description\" content=\"Impressum Informationen \u00fcber den Diensteanbieter Physiotherapie Schrott Henriette SchrottJosef-Krainer-Stra\u00dfe 42,8074 Raaba-Grambach,\u00d6sterreich Tel.: 0681 \/ 81 10 85 95E-Mail: office@physio-schrott.at Unternehmensgegenstand:\u00a0PhysiotherapieBerufsrecht:\u00a0MTD-Gesetz 2024https:\/\/www.ris.bka.gv.at\/GeltendeFassung.wxe?Abfrage=Bundesnormen&amp;Gesetzesnummer=20012653\u00a0 Aufsichtsbeh\u00f6rde:Bezirkshauptmannschaft Graz Umgebung Berufsbezeichnung:\u00a0PhysiotherapeutinVerleihungsstaat:\u00a0\u00d6sterreich Datenschutz Verantwortlicher Henriette SchrottJosef-Krainer-Stra\u00dfe 428074 Raaba-GrambachE-Mail: office@physio-schrott.atTel.: 0681 \/ 81 10 85 95Vertretungsberechtigte:\u00a0Lisa Schrott EU-Streitschlichtung Gem\u00e4\u00df Verordnung \u00fcber Online-Streitbeilegung in Verbraucherangelegenheiten (ODR-Verordnung) m\u00f6chten wir Sie \u00fcber die Online-Streitbeilegungsplattform (OS-Plattform) informieren.Verbraucher [&hellip;]\" \/>\n<meta property=\"og:url\" content=\"https:\/\/physio-schrott.at\/?page_id=121\" \/>\n<meta property=\"og:site_name\" content=\"Physiotherapie Schrott\" \/>\n<meta property=\"article:modified_time\" content=\"2026-02-23T17:20:56+00:00\" \/>\n<meta name=\"twitter:card\" content=\"summary_large_image\" \/>\n<meta name=\"twitter:label1\" content=\"Gesch\u00e4tzte Lesezeit\" \/>\n\t<meta name=\"twitter:data1\" content=\"2 Minuten\" \/>\n<script type=\"application\/ld+json\" class=\"yoast-schema-graph\">{\"@context\":\"https:\/\/schema.org\",\"@graph\":[{\"@type\":\"WebPage\",\"@id\":\"https:\/\/physio-schrott.at\/?page_id=121\",\"url\":\"https:\/\/physio-schrott.at\/?page_id=121\",\"name\":\"Impressum - Physiotherapie Schrott\",\"isPartOf\":{\"@id\":\"https:\/\/physio-schrott.at\/#website\"},\"datePublished\":\"2024-07-30T09:37:19+00:00\",\"dateModified\":\"2026-02-23T17:20:56+00:00\",\"breadcrumb\":{\"@id\":\"https:\/\/physio-schrott.at\/?page_id=121#breadcrumb\"},\"inLanguage\":\"de-AT\",\"potentialAction\":[{\"@type\":\"ReadAction\",\"target\":[\"https:\/\/physio-schrott.at\/?page_id=121\"]}]},{\"@type\":\"BreadcrumbList\",\"@id\":\"https:\/\/physio-schrott.at\/?page_id=121#breadcrumb\",\"itemListElement\":[{\"@type\":\"ListItem\",\"position\":1,\"name\":\"Startseite\",\"item\":\"https:\/\/physio-schrott.at\/\"},{\"@type\":\"ListItem\",\"position\":2,\"name\":\"Impressum\"}]},{\"@type\":\"WebSite\",\"@id\":\"https:\/\/physio-schrott.at\/#website\",\"url\":\"https:\/\/physio-schrott.at\/\",\"name\":\"Physiotherapie Schrott\",\"description\":\"\",\"publisher\":{\"@id\":\"https:\/\/physio-schrott.at\/#organization\"},\"potentialAction\":[{\"@type\":\"SearchAction\",\"target\":{\"@type\":\"EntryPoint\",\"urlTemplate\":\"https:\/\/physio-schrott.at\/?s={search_term_string}\"},\"query-input\":{\"@type\":\"PropertyValueSpecification\",\"valueRequired\":true,\"valueName\":\"search_term_string\"}}],\"inLanguage\":\"de-AT\"},{\"@type\":\"Organization\",\"@id\":\"https:\/\/physio-schrott.at\/#organization\",\"name\":\"Physiotherapie Schrott\",\"url\":\"https:\/\/physio-schrott.at\/\",\"logo\":{\"@type\":\"ImageObject\",\"inLanguage\":\"de-AT\",\"@id\":\"https:\/\/physio-schrott.at\/#\/schema\/logo\/image\/\",\"url\":\"https:\/\/physio-schrott.at\/wp-content\/uploads\/2025\/03\/cropped-Screenshot-2025-03-06-084747-e1741248106793.png\",\"contentUrl\":\"https:\/\/physio-schrott.at\/wp-content\/uploads\/2025\/03\/cropped-Screenshot-2025-03-06-084747-e1741248106793.png\",\"width\":600,\"height\":190,\"caption\":\"Physiotherapie Schrott\"},\"image\":{\"@id\":\"https:\/\/physio-schrott.at\/#\/schema\/logo\/image\/\"}}]}<\/script>\n<!-- \/ Yoast SEO plugin. -->","yoast_head_json":{"title":"Impressum - Physiotherapie Schrott","robots":{"index":"index","follow":"follow","max-snippet":"max-snippet:-1","max-image-preview":"max-image-preview:large","max-video-preview":"max-video-preview:-1"},"canonical":"https:\/\/physio-schrott.at\/?page_id=121","og_locale":"de_DE","og_type":"article","og_title":"Impressum - Physiotherapie Schrott","og_description":"Impressum Informationen \u00fcber den Diensteanbieter Physiotherapie Schrott Henriette SchrottJosef-Krainer-Stra\u00dfe 42,8074 Raaba-Grambach,\u00d6sterreich Tel.: 0681 \/ 81 10 85 95E-Mail: office@physio-schrott.at Unternehmensgegenstand:\u00a0PhysiotherapieBerufsrecht:\u00a0MTD-Gesetz 2024https:\/\/www.ris.bka.gv.at\/GeltendeFassung.wxe?Abfrage=Bundesnormen&amp;Gesetzesnummer=20012653\u00a0 Aufsichtsbeh\u00f6rde:Bezirkshauptmannschaft Graz Umgebung Berufsbezeichnung:\u00a0PhysiotherapeutinVerleihungsstaat:\u00a0\u00d6sterreich Datenschutz Verantwortlicher Henriette SchrottJosef-Krainer-Stra\u00dfe 428074 Raaba-GrambachE-Mail: office@physio-schrott.atTel.: 0681 \/ 81 10 85 95Vertretungsberechtigte:\u00a0Lisa Schrott EU-Streitschlichtung Gem\u00e4\u00df Verordnung \u00fcber Online-Streitbeilegung in Verbraucherangelegenheiten (ODR-Verordnung) m\u00f6chten wir Sie \u00fcber die Online-Streitbeilegungsplattform (OS-Plattform) informieren.Verbraucher [&hellip;]","og_url":"https:\/\/physio-schrott.at\/?page_id=121","og_site_name":"Physiotherapie Schrott","article_modified_time":"2026-02-23T17:20:56+00:00","twitter_card":"summary_large_image","twitter_misc":{"Gesch\u00e4tzte Lesezeit":"2 Minuten"},"schema":{"@context":"https:\/\/schema.org","@graph":[{"@type":"WebPage","@id":"https:\/\/physio-schrott.at\/?page_id=121","url":"https:\/\/physio-schrott.at\/?page_id=121","name":"Impressum - Physiotherapie Schrott","isPartOf":{"@id":"https:\/\/physio-schrott.at\/#website"},"datePublished":"2024-07-30T09:37:19+00:00","dateModified":"2026-02-23T17:20:56+00:00","breadcrumb":{"@id":"https:\/\/physio-schrott.at\/?page_id=121#breadcrumb"},"inLanguage":"de-AT","potentialAction":[{"@type":"ReadAction","target":["https:\/\/physio-schrott.at\/?page_id=121"]}]},{"@type":"BreadcrumbList","@id":"https:\/\/physio-schrott.at\/?page_id=121#breadcrumb","itemListElement":[{"@type":"ListItem","position":1,"name":"Startseite","item":"https:\/\/physio-schrott.at\/"},{"@type":"ListItem","position":2,"name":"Impressum"}]},{"@type":"WebSite","@id":"https:\/\/physio-schrott.at\/#website","url":"https:\/\/physio-schrott.at\/","name":"Physiotherapie Schrott","description":"","publisher":{"@id":"https:\/\/physio-schrott.at\/#organization"},"potentialAction":[{"@type":"SearchAction","target":{"@type":"EntryPoint","urlTemplate":"https:\/\/physio-schrott.at\/?s={search_term_string}"},"query-input":{"@type":"PropertyValueSpecification","valueRequired":true,"valueName":"search_term_string"}}],"inLanguage":"de-AT"},{"@type":"Organization","@id":"https:\/\/physio-schrott.at\/#organization","name":"Physiotherapie Schrott","url":"https:\/\/physio-schrott.at\/","logo":{"@type":"ImageObject","inLanguage":"de-AT","@id":"https:\/\/physio-schrott.at\/#\/schema\/logo\/image\/","url":"https:\/\/physio-schrott.at\/wp-content\/uploads\/2025\/03\/cropped-Screenshot-2025-03-06-084747-e1741248106793.png","contentUrl":"https:\/\/physio-schrott.at\/wp-content\/uploads\/2025\/03\/cropped-Screenshot-2025-03-06-084747-e1741248106793.png","width":600,"height":190,"caption":"Physiotherapie Schrott"},"image":{"@id":"https:\/\/physio-schrott.at\/#\/schema\/logo\/image\/"}}]}},"_links":{"self":[{"href":"https:\/\/physio-schrott.at\/index.php?rest_route=\/wp\/v2\/pages\/121","targetHints":{"allow":["GET"]}}],"collection":[{"href":"https:\/\/physio-schrott.at\/index.php?rest_route=\/wp\/v2\/pages"}],"about":[{"href":"https:\/\/physio-schrott.at\/index.php?rest_route=\/wp\/v2\/types\/page"}],"author":[{"embeddable":true,"href":"https:\/\/physio-schrott.at\/index.php?rest_route=\/wp\/v2\/users\/1"}],"replies":[{"embeddable":true,"href":"https:\/\/physio-schrott.at\/index.php?rest_route=%2Fwp%2Fv2%2Fcomments&post=121"}],"version-history":[{"count":25,"href":"https:\/\/physio-schrott.at\/index.php?rest_route=\/wp\/v2\/pages\/121\/revisions"}],"predecessor-version":[{"id":1154,"href":"https:\/\/physio-schrott.at\/index.php?rest_route=\/wp\/v2\/pages\/121\/revisions\/1154"}],"wp:attachment":[{"href":"https:\/\/physio-schrott.at\/index.php?rest_route=%2Fwp%2Fv2%2Fmedia&parent=121"}],"curies":[{"name":"wp","href":"https:\/\/api.w.org\/{rel}","templated":true}]}}